{"id":43210,"date":"2025-01-10T11:16:11","date_gmt":"2025-01-10T11:16:11","guid":{"rendered":"https:\/\/var.eu\/mentions-legales\/"},"modified":"2025-04-02T19:24:20","modified_gmt":"2025-04-02T19:24:20","slug":"mentions-legales","status":"publish","type":"page","link":"https:\/\/var.eu\/fr\/mentions-legales\/","title":{"rendered":"Mentions l\u00e9gales"},"content":{"rendered":"<style>.elementor-43210 .elementor-element.elementor-element-afac733{--display:flex;--flex-direction:column;--container-widget-width:100%;--container-widget-height:initial;--container-widget-flex-grow:0;--container-widget-align-self:initial;--flex-wrap-mobile:wrap;--padding-top:7%;--padding-bottom:5%;--padding-left:5%;--padding-right:5%;}.elementor-43210 .elementor-element.elementor-element-afac733:not(.elementor-motion-effects-element-type-background), .elementor-43210 .elementor-element.elementor-element-afac733 > .elementor-motion-effects-container > .elementor-motion-effects-layer{background-color:var( --e-global-color-8af9c4d );}.elementor-widget-image-box .elementor-image-box-title{font-family:var( --e-global-typography-primary-font-family ), Sans-serif;font-weight:var( --e-global-typography-primary-font-weight );color:var( --e-global-color-primary );}.elementor-widget-image-box:has(:hover) .elementor-image-box-title,\n\t\t\t\t\t .elementor-widget-image-box:has(:focus) .elementor-image-box-title{color:var( --e-global-color-primary );}.elementor-widget-image-box .elementor-image-box-description{font-family:var( --e-global-typography-text-font-family ), Sans-serif;font-weight:var( --e-global-typography-text-font-weight );color:var( --e-global-color-text );}.elementor-43210 .elementor-element.elementor-element-dfb504d.elementor-position-right .elementor-image-box-img{margin-left:10px;}.elementor-43210 .elementor-element.elementor-element-dfb504d.elementor-position-left .elementor-image-box-img{margin-right:10px;}.elementor-43210 .elementor-element.elementor-element-dfb504d.elementor-position-top .elementor-image-box-img{margin-bottom:10px;}.elementor-43210 .elementor-element.elementor-element-dfb504d .elementor-image-box-title{margin-bottom:10px;font-family:\"Open Sans\", Sans-serif;font-size:55px;font-weight:700;text-transform:uppercase;line-height:40px;color:var( --e-global-color-astglobalcolor6 );}.elementor-43210 .elementor-element.elementor-element-dfb504d .elementor-image-box-wrapper .elementor-image-box-img{width:60px;}.elementor-43210 .elementor-element.elementor-element-dfb504d .elementor-image-box-img img{transition-duration:0.3s;}.elementor-43210 .elementor-element.elementor-element-dfb504d .elementor-image-box-description{font-family:\"Open Sans\", Sans-serif;font-size:30px;font-weight:500;line-height:40px;color:var( --e-global-color-astglobalcolor6 );}.elementor-43210 .elementor-element.elementor-element-e3ce942{--display:flex;--flex-direction:row;--container-widget-width:initial;--container-widget-height:100%;--container-widget-flex-grow:1;--container-widget-align-self:stretch;--flex-wrap-mobile:wrap;--gap:0px 50px;--row-gap:0px;--column-gap:50px;--padding-top:7%;--padding-bottom:7%;--padding-left:5%;--padding-right:5%;}.elementor-43210 .elementor-element.elementor-element-85d17b6{--display:flex;--flex-direction:column;--container-widget-width:100%;--container-widget-height:initial;--container-widget-flex-grow:0;--container-widget-align-self:initial;--flex-wrap-mobile:wrap;}.elementor-widget-text-editor{font-family:var( --e-global-typography-text-font-family ), Sans-serif;font-weight:var( --e-global-typography-text-font-weight );color:var( --e-global-color-text );}.elementor-widget-text-editor.elementor-drop-cap-view-stacked .elementor-drop-cap{background-color:var( --e-global-color-primary );}.elementor-widget-text-editor.elementor-drop-cap-view-framed .elementor-drop-cap, .elementor-widget-text-editor.elementor-drop-cap-view-default .elementor-drop-cap{color:var( --e-global-color-primary );border-color:var( --e-global-color-primary );}.elementor-43210 .elementor-element.elementor-element-e2b3939{font-family:\"Open Sans\", Sans-serif;font-size:20px;font-weight:400;line-height:28px;color:var( --e-global-color-astglobalcolor6 );}.elementor-43210 .elementor-element.elementor-element-e2b3939 p{margin-block-end:10px;}@media(max-width:1024px){.elementor-43210 .elementor-element.elementor-element-dfb504d .elementor-image-box-title{font-size:40px;}.elementor-43210 .elementor-element.elementor-element-dfb504d .elementor-image-box-description{font-size:25px;line-height:30px;}.elementor-43210 .elementor-element.elementor-element-e3ce942{--flex-direction:column;--container-widget-width:100%;--container-widget-height:initial;--container-widget-flex-grow:0;--container-widget-align-self:initial;--flex-wrap-mobile:wrap;}}@media(max-width:767px){.elementor-43210 .elementor-element.elementor-element-dfb504d .elementor-image-box-img{margin-bottom:15px;}.elementor-43210 .elementor-element.elementor-element-dfb504d.elementor-position-right .elementor-image-box-img{margin-left:15px;}.elementor-43210 .elementor-element.elementor-element-dfb504d.elementor-position-left .elementor-image-box-img{margin-right:15px;}.elementor-43210 .elementor-element.elementor-element-dfb504d.elementor-position-top .elementor-image-box-img{margin-bottom:15px;}.elementor-43210 .elementor-element.elementor-element-dfb504d .elementor-image-box-title{margin-bottom:15px;font-size:25px;line-height:30px;}}<\/style>\t\t<div data-elementor-type=\"wp-page\" data-elementor-id=\"43210\" class=\"elementor elementor-43210 elementor-29\" data-elementor-post-type=\"page\">\n\t\t\t\t<div class=\"elementor-element elementor-element-afac733 e-flex e-con-boxed e-con e-parent\" data-id=\"afac733\" data-element_type=\"container\" data-e-type=\"container\" data-settings=\"{&quot;background_background&quot;:&quot;classic&quot;}\">\n\t\t\t\t\t<div class=\"e-con-inner\">\n\t\t\t\t<div class=\"elementor-element elementor-element-dfb504d elementor-position-left elementor-position-top dce_masking-none elementor-vertical-align-top elementor-widget elementor-widget-image-box\" data-id=\"dfb504d\" data-element_type=\"widget\" data-e-type=\"widget\" data-widget_type=\"image-box.default\">\n\t\t\t\t\t<div class=\"elementor-image-box-wrapper\"><figure class=\"elementor-image-box-img\"><img decoding=\"async\" width=\"60\" height=\"85\" src=\"https:\/\/var.eu\/wp-content\/uploads\/2025\/01\/Gruppe-250.png\" class=\"attachment-full size-full wp-image-69\" alt=\"\" \/><\/figure><div class=\"elementor-image-box-content\"><h3 class=\"elementor-image-box-title\">Mentions l\u00e9gales<\/h3><\/div><\/div>\t\t\t\t<\/div>\n\t\t\t\t\t<\/div>\n\t\t\t\t<\/div>\n\t\t<div class=\"elementor-element elementor-element-e3ce942 e-flex e-con-boxed e-con e-parent\" data-id=\"e3ce942\" data-element_type=\"container\" data-e-type=\"container\">\n\t\t\t\t\t<div class=\"e-con-inner\">\n\t\t<div class=\"elementor-element elementor-element-85d17b6 e-flex e-con-boxed e-con e-child\" data-id=\"85d17b6\" data-element_type=\"container\" data-e-type=\"container\">\n\t\t\t\t\t<div class=\"e-con-inner\">\n\t\t\t\t<div class=\"elementor-element elementor-element-e2b3939 elementor-widget elementor-widget-text-editor\" data-id=\"e2b3939\" data-element_type=\"widget\" data-e-type=\"widget\" data-widget_type=\"text-editor.default\">\n\t\t\t\t\t\t\t\t\t<p><strong>VAR GmbH<\/strong><br>Im Gleisbogen 10-12<br>45770 Marl<\/p>\n<p>T\u00e9l\u00e9phone : +49 2365 &#8211; 88899 80<br>Nous livrons exclusivement aux revendeurs.<\/p>\n<p>Mail : sales@var.eu<br>Internet : www.var.eu<\/p><p><br><\/p>\n<p><b>G\u00e9rants autoris\u00e9s \u00e0 repr\u00e9senter l&rsquo;entreprise :<\/b><\/p>\n<p><\/p>\n<p>Frank Schmidt<\/p>\n<p>J\u00f6rn Schneider, dipl\u00f4m\u00e9 en gestion d&rsquo;entreprise<\/p>\n<p>Marcel Roweck<\/p>\n<p>La soci\u00e9t\u00e9 est une GmbH<br>Si\u00e8ge Marl, Tribunal d&rsquo;instance Gelsenkirchen, HRB 6255<\/p>\n<p>Num\u00e9ro d&rsquo;identification de la taxe sur le chiffre d&rsquo;affaires conform\u00e9ment \u00e0<br>\u00a7 27 a de la loi sur la taxe sur le chiffre d&rsquo;affaires : N\u00b0 de TVA DE811282600<br>N\u00b0 de TVA : 359\/5791\/0452<\/p>\n<p>Adresse \u00e9lectronique relative \u00e0 la loi sur la protection des lanceurs d&rsquo;alerte :&nbsp;<span lang=\"DE\">hinweisgeber@var.eu<\/span><\/p>\n<p>Clause de responsabilit\u00e9 :<br>Malgr\u00e9 un contr\u00f4le minutieux du contenu, nous n&rsquo;assumons aucune responsabilit\u00e9 pour le contenu des liens externes.<br>Les exploitants des pages li\u00e9es sont seuls responsables de leur contenu.<\/p>\t\t\t\t\t\t\t\t<\/div>\n\t\t\t\t\t<\/div>\n\t\t\t\t<\/div>\n\t\t\t\t\t<\/div>\n\t\t\t\t<\/div>\n\t\t\t\t<\/div>\n\t\t","protected":false},"excerpt":{"rendered":"<p>Mentions l\u00e9gales VAR GmbHIm Gleisbogen 10-1245770 Marl T\u00e9l\u00e9phone : +49 2365 &#8211; 88899 80Nous livrons exclusivement aux revendeurs. Mail : [&hellip;]<\/p>\n","protected":false},"author":1,"featured_media":0,"parent":0,"menu_order":0,"comment_status":"closed","ping_status":"closed","template":"","meta":{"_acf_changed":false,"om_disable_all_campaigns":false,"_monsterinsights_skip_tracking":false,"_monsterinsights_sitenote_active":false,"_monsterinsights_sitenote_note":"","_monsterinsights_sitenote_category":0,"site-sidebar-layout":"no-sidebar","site-content-layout":"","ast-site-content-layout":"full-width-container","site-content-style":"default","site-sidebar-style":"default","ast-global-header-display":"","ast-banner-title-visibility":"","ast-main-header-display":"","ast-hfb-above-header-display":"","ast-hfb-below-header-display":"","ast-hfb-mobile-header-display":"","site-post-title":"disabled","ast-breadcrumbs-content":"","ast-featured-img":"disabled","footer-sml-layout":"","ast-disable-related-posts":"","theme-transparent-header-meta":"","adv-header-id-meta":"","stick-header-meta":"","header-above-stick-meta":"","header-main-stick-meta":"","header-below-stick-meta":"","astra-migrate-meta-layouts":"default","ast-page-background-enabled":"default","ast-page-background-meta":{"desktop":{"background-color":"var(--ast-global-color-5)","background-image":"","background-repeat":"repeat","background-position":"center center","background-size":"auto","background-attachment":"scroll","background-type":"","background-media":"","overlay-type":"","overlay-color":"","overlay-opacity":"","overlay-gradient":""},"tablet":{"background-color":"","background-image":"","background-repeat":"repeat","background-position":"center center","background-size":"auto","background-attachment":"scroll","background-type":"","background-media":"","overlay-type":"","overlay-color":"","overlay-opacity":"","overlay-gradient":""},"mobile":{"background-color":"","background-image":"","background-repeat":"repeat","background-position":"center center","background-size":"auto","background-attachment":"scroll","background-type":"","background-media":"","overlay-type":"","overlay-color":"","overlay-opacity":"","overlay-gradient":""}},"ast-content-background-meta":{"desktop":{"background-color":"var(--ast-global-color-4)","background-image":"","background-repeat":"repeat","background-position":"center center","background-size":"auto","background-attachment":"scroll","background-type":"","background-media":"","overlay-type":"","overlay-color":"","overlay-opacity":"","overlay-gradient":""},"tablet":{"background-color":"var(--ast-global-color-4)","background-image":"","background-repeat":"repeat","background-position":"center center","background-size":"auto","background-attachment":"scroll","background-type":"","background-media":"","overlay-type":"","overlay-color":"","overlay-opacity":"","overlay-gradient":""},"mobile":{"background-color":"var(--ast-global-color-4)","background-image":"","background-repeat":"repeat","background-position":"center center","background-size":"auto","background-attachment":"scroll","background-type":"","background-media":"","overlay-type":"","overlay-color":"","overlay-opacity":"","overlay-gradient":""}},"footnotes":""},"class_list":["post-43210","page","type-page","status-publish","hentry"],"acf":[],"aioseo_notices":[],"_links":{"self":[{"href":"https:\/\/var.eu\/fr\/wp-json\/wp\/v2\/pages\/43210","targetHints":{"allow":["GET"]}}],"collection":[{"href":"https:\/\/var.eu\/fr\/wp-json\/wp\/v2\/pages"}],"about":[{"href":"https:\/\/var.eu\/fr\/wp-json\/wp\/v2\/types\/page"}],"author":[{"embeddable":true,"href":"https:\/\/var.eu\/fr\/wp-json\/wp\/v2\/users\/1"}],"replies":[{"embeddable":true,"href":"https:\/\/var.eu\/fr\/wp-json\/wp\/v2\/comments?post=43210"}],"version-history":[{"count":2,"href":"https:\/\/var.eu\/fr\/wp-json\/wp\/v2\/pages\/43210\/revisions"}],"predecessor-version":[{"id":44088,"href":"https:\/\/var.eu\/fr\/wp-json\/wp\/v2\/pages\/43210\/revisions\/44088"}],"wp:attachment":[{"href":"https:\/\/var.eu\/fr\/wp-json\/wp\/v2\/media?parent=43210"}],"curies":[{"name":"wp","href":"https:\/\/api.w.org\/{rel}","templated":true}]}}